{"id":1231,"date":"2024-10-18T08:03:04","date_gmt":"2024-10-18T08:03:04","guid":{"rendered":"http:\/\/www.medhome24.at\/?page_id=1231"},"modified":"2024-11-21T08:19:36","modified_gmt":"2024-11-21T08:19:36","slug":"wissenswertes-medhome24-blog-zu-pflege-und-betreuung","status":"publish","type":"page","link":"https:\/\/www.medhome24.at\/en\/wissenswertes-medhome24-blog-zu-pflege-und-betreuung\/","title":{"rendered":"Useful information"},"content":{"rendered":"<div class=\"wp-block-uagb-container uagb-block-177cb62b alignfull uagb-is-root-container\"><div class=\"uagb-container-inner-blocks-wrap\">\n<div class=\"wp-block-uagb-advanced-heading uagb-block-902ba533\"><h1 class=\"uagb-heading-text\">Knowledge center for care and support<\/h1><p class=\"uagb-desc-text\">Find out more about the most important topics relating to home care, support and health<\/p><\/div>\n<\/div><\/div>\n\n\n\n<div class=\"wp-block-uagb-container uagb-block-b227a624 alignfull uagb-is-root-container\"><div class=\"uagb-container-inner-blocks-wrap\"><\/div><\/div>\n\n\n\n<div class=\"wp-block-uagb-container uagb-block-ani0hrsp alignfull uagb-is-root-container\"><div class=\"uagb-container-inner-blocks-wrap\">\n<div class=\"wp-block-uagb-info-box uagb-block-lsqynspw uagb-infobox__content-wrap  uagb-infobox-icon-above-title uagb-infobox-image-valign-top\"><div class=\"uagb-ifb-content\"><div class=\"uagb-ifb-title-wrap\"><h2 class=\"uagb-ifb-title\">Discover valuable information about care and support.<\/h2><\/div><p class=\"uagb-ifb-desc\">Welcome to our knowledge center! Here you will find a collection of our latest and most important articles on the topics of care, support and healthcare. Whether it's helpful tips for everyday life, explanations of special care concepts or news from the world of home care - our blog offers you a wide range of information. Be inspired and find out how you or your loved ones can receive the best possible support to lead a safe and fulfilling life at home<\/p><\/div><\/div>\n<\/div><\/div>\n\n\n\n<div class=\"wp-block-uagb-container uagb-block-3689426a alignfull uagb-is-root-container\"><div class=\"uagb-container-inner-blocks-wrap\">\n\t\t\t<div class=\"wp-block-uagb-post-grid uagb-post-grid  uagb-post__image-position-top uagb-post__image-enabled uagb-block-44f25435     uagb-post__items uagb-post__columns-3 is-grid uagb-post__columns-tablet-2 uagb-post__columns-mobile-1 uagb-post__equal-height\" data-total=\"1\" style=\"\">\n\n\t\t\t\t\t\t\t\t\t\t\t\t<article class=\"uagb-post__inner-wrap\">\t\t\t\t\t\t\t\t<div class='uagb-post__image'>\n\t\t\t\t\t\t\t\t\t<a href=\"https:\/\/www.medhome24.at\/en\/geborgenheit-und-pflege-das-eden-konzept-in-der-haeuslichen-betreuung\/\" target=\"_self\" rel=\"bookmark noopener noreferrer\" class='uagb-image-ratio-inherit'><img loading=\"lazy\" decoding=\"async\" width=\"300\" height=\"200\" src=\"https:\/\/www.medhome24.at\/wp-content\/uploads\/2024\/10\/2148940052-1-300x200.jpg\" class=\"attachment-medium size-medium\" alt=\"\" srcset=\"https:\/\/www.medhome24.at\/wp-content\/uploads\/2024\/10\/2148940052-1-300x200.jpg 300w, https:\/\/www.medhome24.at\/wp-content\/uploads\/2024\/10\/2148940052-1-1024x681.jpg 1024w, https:\/\/www.medhome24.at\/wp-content\/uploads\/2024\/10\/2148940052-1-768x511.jpg 768w, https:\/\/www.medhome24.at\/wp-content\/uploads\/2024\/10\/2148940052-1.jpg 1500w\" sizes=\"auto, (max-width: 300px) 100vw, 300px\" \/>\t\t\t\t\t<\/a>\n\t\t\t\t\t\t\t<\/div>\n\t\t\t\t\t\t<h4 class=\"uagb-post__title uagb-post__text\">\n\t\t\t\t<a href=\"https:\/\/www.medhome24.at\/en\/geborgenheit-und-pflege-das-eden-konzept-in-der-haeuslichen-betreuung\/\" target=\"_self\" rel=\"bookmark noopener noreferrer\">Security and care: the Eden concept in home care<\/a>\n\t\t\t<\/h4>\n\t\t\t\t\t\t<div class='uagb-post__text uagb-post-grid-byline'>\n\t\t\t\t\t\t\t\t<span class=\"uagb-post__author\">\n\t\t\t\t<span class=\"dashicons-admin-users dashicons\"><\/span>\t\t\t\t\t<a href=\"https:\/\/www.medhome24.at\/en\/author\/healthcarepro\/\" title=\"Posts by Vasilica Beutl\" rel=\"author\">Vasilica Beutl<\/a>\t\t\t\t<\/span>\n\t\t\t\t\t\t\t<time datetime=\"2024-10-18T07:52:32+00:00\" class=\"uagb-post__date\">\n\t\t\t\t<span class=\"dashicons-calendar dashicons\"><\/span>\t\t\t\t\tOctober 18, 2024\t\t\t\t<\/time>\n\t\t\t\t\t\t<\/div>\n\t\t\t\t\t\t\t<div class='uagb-post__text uagb-post__excerpt'>\n\t\t\t\t\t<p>Home - the place of security and safety. When their strength wanes and everyday challenges become too great, many people wish for one thing: the opportunity to continue living in their familiar surroundings, surrounded by loved ones. Because your own home is not just a...\t\t\t\t<\/div>\n\t\t\t\t\t\t<div class=\"uagb-post__text uagb-post__cta wp-block-button\">\n\t\t\t\t<a class=\"wp-block-button__link uagb-text-link\" style=\"\" href=\"https:\/\/www.medhome24.at\/en\/geborgenheit-und-pflege-das-eden-konzept-in-der-haeuslichen-betreuung\/\" target=\"_self\" rel=\"bookmark noopener noreferrer\">Read More<\/a>\n\t\t\t<\/div>\n\t\t\t\n\t\t\t\t\t\t\t\t\t<\/article>\n\t\t\t\t\t\t\t\t\t\t\t\t\t\t\t\t<article class=\"uagb-post__inner-wrap\">\t\t\t\t\t\t\t\t<div class='uagb-post__image'>\n\t\t\t\t\t\t\t\t\t<a href=\"https:\/\/www.medhome24.at\/en\/post-2\/\" target=\"_self\" rel=\"bookmark noopener noreferrer\" class='uagb-image-ratio-inherit'><img loading=\"lazy\" decoding=\"async\" width=\"300\" height=\"200\" src=\"https:\/\/www.medhome24.at\/wp-content\/uploads\/2024\/10\/2148962352-1-1-300x200.jpg\" class=\"attachment-medium size-medium\" alt=\"\" srcset=\"https:\/\/www.medhome24.at\/wp-content\/uploads\/2024\/10\/2148962352-1-1-300x200.jpg 300w, https:\/\/www.medhome24.at\/wp-content\/uploads\/2024\/10\/2148962352-1-1-1024x683.jpg 1024w, https:\/\/www.medhome24.at\/wp-content\/uploads\/2024\/10\/2148962352-1-1-768x512.jpg 768w, https:\/\/www.medhome24.at\/wp-content\/uploads\/2024\/10\/2148962352-1-1.jpg 1500w\" sizes=\"auto, (max-width: 300px) 100vw, 300px\" \/>\t\t\t\t\t<\/a>\n\t\t\t\t\t\t\t<\/div>\n\t\t\t\t\t\t<h4 class=\"uagb-post__title uagb-post__text\">\n\t\t\t\t<a href=\"https:\/\/www.medhome24.at\/en\/post-2\/\" target=\"_self\" rel=\"bookmark noopener noreferrer\">Comprehensive wound diagnostics and treatment for optimal healing<\/a>\n\t\t\t<\/h4>\n\t\t\t\t\t\t<div class='uagb-post__text uagb-post-grid-byline'>\n\t\t\t\t\t\t\t\t<span class=\"uagb-post__author\">\n\t\t\t\t<span class=\"dashicons-admin-users dashicons\"><\/span>\t\t\t\t\t<a href=\"https:\/\/www.medhome24.at\/en\/author\/healthcarepro\/\" title=\"Posts by Vasilica Beutl\" rel=\"author\">Vasilica Beutl<\/a>\t\t\t\t<\/span>\n\t\t\t\t\t\t\t<time datetime=\"2024-10-09T15:02:54+00:00\" class=\"uagb-post__date\">\n\t\t\t\t<span class=\"dashicons-calendar dashicons\"><\/span>\t\t\t\t\tOctober 9, 2024\t\t\t\t<\/time>\n\t\t\t\t\t\t<\/div>\n\t\t\t\t\t\t\t<div class='uagb-post__text uagb-post__excerpt'>\n\t\t\t\t\t<p>In the world of medical care, the treatment of wounds plays a crucial role, especially when it comes to chronic or complicated injuries. Our facility offers comprehensive wound diagnosis and treatment tailored to the individual needs of each patient. We use...\t\t\t\t<\/div>\n\t\t\t\t\t\t<div class=\"uagb-post__text uagb-post__cta wp-block-button\">\n\t\t\t\t<a class=\"wp-block-button__link uagb-text-link\" style=\"\" href=\"https:\/\/www.medhome24.at\/en\/post-2\/\" target=\"_self\" rel=\"bookmark noopener noreferrer\">Read More<\/a>\n\t\t\t<\/div>\n\t\t\t\n\t\t\t\t\t\t\t\t\t<\/article>\n\t\t\t\t\t\t\t\t\t\t\t\t\t\t\t\t<article class=\"uagb-post__inner-wrap\">\t\t\t\t\t\t\t\t<div class='uagb-post__image'>\n\t\t\t\t\t\t\t\t\t<a href=\"https:\/\/www.medhome24.at\/en\/post-3\/\" target=\"_self\" rel=\"bookmark noopener noreferrer\" class='uagb-image-ratio-inherit'><img loading=\"lazy\" decoding=\"async\" width=\"300\" height=\"200\" src=\"https:\/\/www.medhome24.at\/wp-content\/uploads\/2024\/10\/2148962373-300x200.jpg\" class=\"attachment-medium size-medium\" alt=\"2148962373\" srcset=\"https:\/\/www.medhome24.at\/wp-content\/uploads\/2024\/10\/2148962373-300x200.jpg 300w, https:\/\/www.medhome24.at\/wp-content\/uploads\/2024\/10\/2148962373-1024x683.jpg 1024w, https:\/\/www.medhome24.at\/wp-content\/uploads\/2024\/10\/2148962373-768x513.jpg 768w, https:\/\/www.medhome24.at\/wp-content\/uploads\/2024\/10\/2148962373.jpg 1500w\" sizes=\"auto, (max-width: 300px) 100vw, 300px\" \/>\t\t\t\t\t<\/a>\n\t\t\t\t\t\t\t<\/div>\n\t\t\t\t\t\t<h4 class=\"uagb-post__title uagb-post__text\">\n\t\t\t\t<a href=\"https:\/\/www.medhome24.at\/en\/post-3\/\" target=\"_self\" rel=\"bookmark noopener noreferrer\">The advantages of medical home care<\/a>\n\t\t\t<\/h4>\n\t\t\t\t\t\t<div class='uagb-post__text uagb-post-grid-byline'>\n\t\t\t\t\t\t\t\t<span class=\"uagb-post__author\">\n\t\t\t\t<span class=\"dashicons-admin-users dashicons\"><\/span>\t\t\t\t\t<a href=\"https:\/\/www.medhome24.at\/en\/author\/healthcarepro\/\" title=\"Posts by Vasilica Beutl\" rel=\"author\">Vasilica Beutl<\/a>\t\t\t\t<\/span>\n\t\t\t\t\t\t\t<time datetime=\"2024-10-09T15:02:54+00:00\" class=\"uagb-post__date\">\n\t\t\t\t<span class=\"dashicons-calendar dashicons\"><\/span>\t\t\t\t\tOctober 9, 2024\t\t\t\t<\/time>\n\t\t\t\t\t\t<\/div>\n\t\t\t\t\t\t\t<div class='uagb-post__text uagb-post__excerpt'>\n\t\t\t\t\t<p>In today's fast-paced world, it is more important than ever that medical care is not only high quality, but also convenient and accessible. Medical home care offers an excellent solution, allowing patients to receive professional care in the familiarity of their own home. In...\t\t\t\t<\/div>\n\t\t\t\t\t\t<div class=\"uagb-post__text uagb-post__cta wp-block-button\">\n\t\t\t\t<a class=\"wp-block-button__link uagb-text-link\" style=\"\" href=\"https:\/\/www.medhome24.at\/en\/post-3\/\" target=\"_self\" rel=\"bookmark noopener noreferrer\">Read More<\/a>\n\t\t\t<\/div>\n\t\t\t\n\t\t\t\t\t\t\t\t\t<\/article>\n\t\t\t\t\t\t\t\t\t\t\t<\/div>\n\t\t\t<\/div><\/div>\n\n\n\n<div class=\"wp-block-uagb-container uagb-block-fb96480b alignfull uagb-is-root-container\"><div class=\"uagb-container__video-wrap\"><video autoplay loop muted playsinline><source src=\"http:\/\/www.medhome24.at\/wp-content\/uploads\/2024\/10\/1102747_1080p_Care_1280x720.mp4\" type=\"video\/mp4\"\/><\/video><\/div><div class=\"uagb-container-inner-blocks-wrap\">\n<div class=\"wp-block-uagb-info-box uagb-block-3e54c226 uagb-infobox__content-wrap  uagb-infobox-icon-above-title uagb-infobox-image-valign-top\"><div class=\"uagb-ifb-content\"><div class=\"uagb-ifb-title-wrap\"><h2 class=\"uagb-ifb-title\">Secure your support<\/h2><\/div><p class=\"uagb-ifb-desc\">Contact us today for a personalized consultation. We are here to help you!<\/p><div class=\"uagb-ifb-button-wrapper wp-block-button\"><a href=\"\/en\/kontakt\/\" class=\"uagb-infobox-cta-link wp-block-button__link\" target=\"_self\" rel=\"noopener noreferrer\" onclick=\"return true;\"><span class=\"uagb-inline-editing\">Contact us now<\/span><\/a><\/div><\/div><\/div>\n<\/div><\/div>\n\n\n\n<p><\/p>","protected":false},"excerpt":{"rendered":"<p>Knowledge center for care and support Find out more about the most important topics relating to home care, support and health<\/p>","protected":false},"author":4,"featured_media":0,"parent":0,"menu_order":0,"comment_status":"closed","ping_status":"closed","template":"","meta":{"_uag_custom_page_level_css":"","site-sidebar-layout":"no-sidebar","site-content-layout":"","ast-site-content-layout":"normal-width-container","site-content-style":"default","site-sidebar-style":"default","ast-global-header-display":"","ast-banner-title-visibility":"disabled","ast-main-header-display":"","ast-hfb-above-header-display":"","ast-hfb-below-header-display":"","ast-hfb-mobile-header-display":"","site-post-title":"","ast-breadcrumbs-content":"","ast-featured-img":"","footer-sml-layout":"","ast-disable-related-posts":"","theme-transparent-header-meta":"default","adv-header-id-meta":"","stick-header-meta":"","header-above-stick-meta":"","header-main-stick-meta":"","header-below-stick-meta":"","astra-migrate-meta-layouts":"","ast-page-background-enabled":"default","ast-page-background-meta":{"desktop":{"background-color":"var(--ast-global-color-4)","background-image":"","background-repeat":"repeat","background-position":"center center","background-size":"auto","background-attachment":"scroll","background-type":"","background-media":"","overlay-type":"","overlay-color":"","overlay-opacity":"","overlay-gradient":""},"tablet":{"background-color":"","background-image":"","background-repeat":"repeat","background-position":"center center","background-size":"auto","background-attachment":"scroll","background-type":"","background-media":"","overlay-type":"","overlay-color":"","overlay-opacity":"","overlay-gradient":""},"mobile":{"background-color":"","background-image":"","background-repeat":"repeat","background-position":"center center","background-size":"auto","background-attachment":"scroll","background-type":"","background-media":"","overlay-type":"","overlay-color":"","overlay-opacity":"","overlay-gradient":""}},"ast-content-background-meta":{"desktop":{"background-color":"var(--ast-global-color-5)","background-image":"","background-repeat":"repeat","background-position":"center center","background-size":"auto","background-attachment":"scroll","background-type":"","background-media":"","overlay-type":"","overlay-color":"","overlay-opacity":"","overlay-gradient":""},"tablet":{"background-color":"var(--ast-global-color-5)","background-image":"","background-repeat":"repeat","background-position":"center center","background-size":"auto","background-attachment":"scroll","background-type":"","background-media":"","overlay-type":"","overlay-color":"","overlay-opacity":"","overlay-gradient":""},"mobile":{"background-color":"var(--ast-global-color-5)","background-image":"","background-repeat":"repeat","background-position":"center center","background-size":"auto","background-attachment":"scroll","background-type":"","background-media":"","overlay-type":"","overlay-color":"","overlay-opacity":"","overlay-gradient":""}},"footnotes":""},"class_list":["post-1231","page","type-page","status-publish","hentry"],"yoast_head":"<!-- This site is optimized with the Yoast SEO Premium plugin v21.2 (Yoast SEO v27.5) - https:\/\/yoast.com\/product\/yoast-seo-premium-wordpress\/ -->\n<title>Wissenswertes | MedHome24 Blog zu Pflege und Betreuung<\/title>\n<meta name=\"description\" content=\"Lesen Sie im MedHome24 Blog aktuelle Beitr\u00e4ge und Tipps rund um Pflege und Betreuung zu Hause.\" \/>\n<meta name=\"robots\" content=\"index, follow, max-snippet:-1, max-image-preview:large, max-video-preview:-1\" \/>\n<link rel=\"canonical\" href=\"https:\/\/www.medhome24.at\/en\/wissenswertes-medhome24-blog-zu-pflege-und-betreuung\/\" \/>\n<meta property=\"og:locale\" content=\"en_US\" \/>\n<meta property=\"og:type\" content=\"article\" \/>\n<meta property=\"og:title\" content=\"N\u00fctzliches\" \/>\n<meta property=\"og:description\" content=\"Lesen Sie im MedHome24 Blog aktuelle Beitr\u00e4ge und Tipps rund um Pflege und Betreuung zu Hause.\" \/>\n<meta property=\"og:url\" content=\"https:\/\/www.medhome24.at\/en\/wissenswertes-medhome24-blog-zu-pflege-und-betreuung\/\" \/>\n<meta property=\"og:site_name\" content=\"medhome24\" \/>\n<meta property=\"article:modified_time\" content=\"2024-11-21T08:19:36+00:00\" \/>\n<meta name=\"twitter:card\" content=\"summary_large_image\" \/>\n<meta name=\"twitter:label1\" content=\"Est. reading time\" \/>\n\t<meta name=\"twitter:data1\" content=\"1 minute\" \/>\n<script type=\"application\/ld+json\" class=\"yoast-schema-graph\">{\"@context\":\"https:\\\/\\\/schema.org\",\"@graph\":[{\"@type\":\"WebPage\",\"@id\":\"https:\\\/\\\/www.medhome24.at\\\/wissenswertes-medhome24-blog-zu-pflege-und-betreuung\\\/\",\"url\":\"https:\\\/\\\/www.medhome24.at\\\/wissenswertes-medhome24-blog-zu-pflege-und-betreuung\\\/\",\"name\":\"Wissenswertes | MedHome24 Blog zu Pflege und Betreuung\",\"isPartOf\":{\"@id\":\"https:\\\/\\\/www.medhome24.at\\\/#website\"},\"datePublished\":\"2024-10-18T08:03:04+00:00\",\"dateModified\":\"2024-11-21T08:19:36+00:00\",\"description\":\"Lesen Sie im MedHome24 Blog aktuelle Beitr\u00e4ge und Tipps rund um Pflege und Betreuung zu Hause.\",\"breadcrumb\":{\"@id\":\"https:\\\/\\\/www.medhome24.at\\\/wissenswertes-medhome24-blog-zu-pflege-und-betreuung\\\/#breadcrumb\"},\"inLanguage\":\"en-US\",\"potentialAction\":[{\"@type\":\"ReadAction\",\"target\":[\"https:\\\/\\\/www.medhome24.at\\\/wissenswertes-medhome24-blog-zu-pflege-und-betreuung\\\/\"]}]},{\"@type\":\"BreadcrumbList\",\"@id\":\"https:\\\/\\\/www.medhome24.at\\\/wissenswertes-medhome24-blog-zu-pflege-und-betreuung\\\/#breadcrumb\",\"itemListElement\":[{\"@type\":\"ListItem\",\"position\":1,\"name\":\"Home\",\"item\":\"https:\\\/\\\/www.medhome24.at\\\/\"},{\"@type\":\"ListItem\",\"position\":2,\"name\":\"N\u00fctzliches\"}]},{\"@type\":\"WebSite\",\"@id\":\"https:\\\/\\\/www.medhome24.at\\\/#website\",\"url\":\"https:\\\/\\\/www.medhome24.at\\\/\",\"name\":\"medhome24\",\"description\":\"\",\"publisher\":{\"@id\":\"https:\\\/\\\/www.medhome24.at\\\/#organization\"},\"potentialAction\":[{\"@type\":\"SearchAction\",\"target\":{\"@type\":\"EntryPoint\",\"urlTemplate\":\"https:\\\/\\\/www.medhome24.at\\\/?s={search_term_string}\"},\"query-input\":{\"@type\":\"PropertyValueSpecification\",\"valueRequired\":true,\"valueName\":\"search_term_string\"}}],\"inLanguage\":\"en-US\"},{\"@type\":\"Organization\",\"@id\":\"https:\\\/\\\/www.medhome24.at\\\/#organization\",\"name\":\"medhome24\",\"url\":\"https:\\\/\\\/www.medhome24.at\\\/\",\"logo\":{\"@type\":\"ImageObject\",\"inLanguage\":\"en-US\",\"@id\":\"https:\\\/\\\/www.medhome24.at\\\/#\\\/schema\\\/logo\\\/image\\\/\",\"url\":\"https:\\\/\\\/www.medhome24.at\\\/wp-content\\\/uploads\\\/2024\\\/10\\\/logo02.svg\",\"contentUrl\":\"https:\\\/\\\/www.medhome24.at\\\/wp-content\\\/uploads\\\/2024\\\/10\\\/logo02.svg\",\"caption\":\"medhome24\"},\"image\":{\"@id\":\"https:\\\/\\\/www.medhome24.at\\\/#\\\/schema\\\/logo\\\/image\\\/\"}}]}<\/script>\n<!-- \/ Yoast SEO Premium plugin. -->","yoast_head_json":{"title":"Things to know | MedHome24 blog on care and support","description":"Read the latest articles and tips on nursing and care at home in the MedHome24 blog.","robots":{"index":"index","follow":"follow","max-snippet":"max-snippet:-1","max-image-preview":"max-image-preview:large","max-video-preview":"max-video-preview:-1"},"canonical":"https:\/\/www.medhome24.at\/en\/wissenswertes-medhome24-blog-zu-pflege-und-betreuung\/","og_locale":"en_US","og_type":"article","og_title":"N\u00fctzliches","og_description":"Lesen Sie im MedHome24 Blog aktuelle Beitr\u00e4ge und Tipps rund um Pflege und Betreuung zu Hause.","og_url":"https:\/\/www.medhome24.at\/en\/wissenswertes-medhome24-blog-zu-pflege-und-betreuung\/","og_site_name":"medhome24","article_modified_time":"2024-11-21T08:19:36+00:00","twitter_card":"summary_large_image","twitter_misc":{"Est. reading time":"1 minute"},"schema":{"@context":"https:\/\/schema.org","@graph":[{"@type":"WebPage","@id":"https:\/\/www.medhome24.at\/wissenswertes-medhome24-blog-zu-pflege-und-betreuung\/","url":"https:\/\/www.medhome24.at\/wissenswertes-medhome24-blog-zu-pflege-und-betreuung\/","name":"Things to know | MedHome24 blog on care and support","isPartOf":{"@id":"https:\/\/www.medhome24.at\/#website"},"datePublished":"2024-10-18T08:03:04+00:00","dateModified":"2024-11-21T08:19:36+00:00","description":"Read the latest articles and tips on nursing and care at home in the MedHome24 blog.","breadcrumb":{"@id":"https:\/\/www.medhome24.at\/wissenswertes-medhome24-blog-zu-pflege-und-betreuung\/#breadcrumb"},"inLanguage":"en-US","potentialAction":[{"@type":"ReadAction","target":["https:\/\/www.medhome24.at\/wissenswertes-medhome24-blog-zu-pflege-und-betreuung\/"]}]},{"@type":"BreadcrumbList","@id":"https:\/\/www.medhome24.at\/wissenswertes-medhome24-blog-zu-pflege-und-betreuung\/#breadcrumb","itemListElement":[{"@type":"ListItem","position":1,"name":"Home","item":"https:\/\/www.medhome24.at\/"},{"@type":"ListItem","position":2,"name":"N\u00fctzliches"}]},{"@type":"WebSite","@id":"https:\/\/www.medhome24.at\/#website","url":"https:\/\/www.medhome24.at\/","name":"medhome24","description":"","publisher":{"@id":"https:\/\/www.medhome24.at\/#organization"},"potentialAction":[{"@type":"SearchAction","target":{"@type":"EntryPoint","urlTemplate":"https:\/\/www.medhome24.at\/?s={search_term_string}"},"query-input":{"@type":"PropertyValueSpecification","valueRequired":true,"valueName":"search_term_string"}}],"inLanguage":"en-US"},{"@type":"Organization","@id":"https:\/\/www.medhome24.at\/#organization","name":"medhome24","url":"https:\/\/www.medhome24.at\/","logo":{"@type":"ImageObject","inLanguage":"en-US","@id":"https:\/\/www.medhome24.at\/#\/schema\/logo\/image\/","url":"https:\/\/www.medhome24.at\/wp-content\/uploads\/2024\/10\/logo02.svg","contentUrl":"https:\/\/www.medhome24.at\/wp-content\/uploads\/2024\/10\/logo02.svg","caption":"medhome24"},"image":{"@id":"https:\/\/www.medhome24.at\/#\/schema\/logo\/image\/"}}]}},"uagb_featured_image_src":{"full":false,"thumbnail":false,"medium":false,"medium_large":false,"large":false,"1536x1536":false,"2048x2048":false,"trp-custom-language-flag":false,"gform-image-choice-sm":false,"gform-image-choice-md":false,"gform-image-choice-lg":false},"uagb_author_info":{"display_name":"qiykthoqsczu","author_link":"https:\/\/www.medhome24.at\/en\/author\/qiykthoqsczu\/"},"uagb_comment_info":0,"uagb_excerpt":"Wissenszentrum f\u00fcr Pflege und Betreuung Erfahren Sie mehr \u00fcber die wichtigsten Themen rund um h\u00e4usliche Pflege, Betreuung und Gesundheit","_links":{"self":[{"href":"https:\/\/www.medhome24.at\/en\/wp-json\/wp\/v2\/pages\/1231","targetHints":{"allow":["GET"]}}],"collection":[{"href":"https:\/\/www.medhome24.at\/en\/wp-json\/wp\/v2\/pages"}],"about":[{"href":"https:\/\/www.medhome24.at\/en\/wp-json\/wp\/v2\/types\/page"}],"author":[{"embeddable":true,"href":"https:\/\/www.medhome24.at\/en\/wp-json\/wp\/v2\/users\/4"}],"replies":[{"embeddable":true,"href":"https:\/\/www.medhome24.at\/en\/wp-json\/wp\/v2\/comments?post=1231"}],"version-history":[{"count":5,"href":"https:\/\/www.medhome24.at\/en\/wp-json\/wp\/v2\/pages\/1231\/revisions"}],"predecessor-version":[{"id":1271,"href":"https:\/\/www.medhome24.at\/en\/wp-json\/wp\/v2\/pages\/1231\/revisions\/1271"}],"wp:attachment":[{"href":"https:\/\/www.medhome24.at\/en\/wp-json\/wp\/v2\/media?parent=1231"}],"curies":[{"name":"wp","href":"https:\/\/api.w.org\/{rel}","templated":true}]}}